{"id":2,"date":"2016-05-10T03:48:21","date_gmt":"2016-05-10T03:48:21","guid":{"rendered":"https:\/\/fast1domain.com\/?page_id=2"},"modified":"2023-10-10T20:24:59","modified_gmt":"2023-10-10T20:24:59","slug":"sample-page","status":"publish","type":"page","link":"https:\/\/fast1domain.com\/","title":{"rendered":"Home"},"content":{"rendered":"\n<figure class=\"wp-block-image size-full\"><img decoding=\"async\" loading=\"lazy\" width=\"980\" height=\"316\" src=\"https:\/\/fast1domain.com\/wp-content\/uploads\/2023\/08\/Football-pitch-banner.jpg\" alt=\"\" class=\"wp-image-49\" srcset=\"https:\/\/fast1domain.com\/wp-content\/uploads\/2023\/08\/Football-pitch-banner.jpg 980w, https:\/\/fast1domain.com\/wp-content\/uploads\/2023\/08\/Football-pitch-banner-300x97.jpg 300w, https:\/\/fast1domain.com\/wp-content\/uploads\/2023\/08\/Football-pitch-banner-768x248.jpg 768w\" sizes=\"(max-width: 980px) 100vw, 980px\" \/><\/figure>\n\n\n\n<p>Einf\u00fchrung:<\/p>\n\n\n\n<p>Fu\u00dfballvorhersagen sind zu einem integralen Bestandteil des Spiels geworden und bieten Fans und Wettenden wertvolle Einblicke in die Spielergebnisse. Ganz gleich, ob Sie Ihre Gewinnchancen bei einer Wette erh\u00f6hen m\u00f6chten oder einfach nur ein tieferes Verst\u00e4ndnis des Sports anstreben, dieser Artikel soll Sie bei der Suche nach zuverl\u00e4ssigen Quellen f\u00fcr Fu\u00dfballvorhersagen unterst\u00fctzen.<\/p>\n\n\n\n<p>Seri\u00f6se Fu\u00dfballvorhersage-Websites:<\/p>\n\n\n\n<p>Eine der zug\u00e4nglichsten und zuverl\u00e4ssigsten Quellen f\u00fcr Fu\u00dfballvorhersagen sind seri\u00f6se Vorhersage-Websites. Diese Plattformen besch\u00e4ftigen erfahrene Analysten, nutzen fortschrittliche statistische Modelle und ber\u00fccksichtigen verschiedene Faktoren, um genaue Vorhersagen zu liefern. Zu den bekannten Prognose-Websites geh\u00f6ren unter anderem die, die umfassende Analysen, Expertenmeinungen und Vorhersagen f\u00fcr eine Vielzahl von Fu\u00dfballligen und Wettbewerben bieten.<\/p>\n\n\n\n<p>Sportnachrichten-Websites und Blogs:<\/p>\n\n\n\n<p>Auf Sportnachrichten-Websites und -Blogs gibt es h\u00e4ufig Abschnitte, die Fu\u00dfballvorhersagen gewidmet sind. Diese Plattformen besch\u00e4ftigen erfahrene Journalisten und Experten, die auf der Grundlage ihres Wissens und ihrer Recherchen Erkenntnisse liefern. Websites wie bieten neben Nachrichtenartikeln, Interviews und Analysen auch Fu\u00dfballprognosen an, was sie zu wertvollen Ressourcen macht, um auf dem Laufenden und informiert zu bleiben.<\/p>\n\n\n\n<p>Sozialen Medien:<\/p>\n\n\n\n<p>Social-Media-Plattformen sind zu einer Drehscheibe f\u00fcr Fu\u00dfballdiskussionen und Prognosen geworden. Wenn Sie seri\u00f6sen Fu\u00dfballanalysten, Journalisten und verifizierten Konten auf Plattformen wie Twitter, Facebook und Instagram folgen, k\u00f6nnen Sie wertvolle Einblicke und Vorhersagen erhalten. Auch die Teilnahme an Diskussionen mit anderen Fans und Experten kann Ihren Blickwinkel erweitern und Ihnen dabei helfen, Ihre Vorhersagen zu verfeinern.<\/p>\n\n\n\n<p>Fu\u00dfball-Podcasts:<\/p>\n\n\n\n<p>Podcasts haben in den letzten Jahren an Popularit\u00e4t gewonnen und bieten ausf\u00fchrliche Diskussionen und Analysen zu verschiedenen Themen, einschlie\u00dflich Fu\u00dfballvorhersagen. In vielen Fu\u00dfball-Podcasts sind Experten zu Gast, die wertvolle Einblicke und Prognosen f\u00fcr bevorstehende Spiele liefern. Zu den beliebten Fu\u00dfball-Podcasts geh\u00f6ren: Hier finden Sie fundierte Diskussionen und Vorhersagen von Experten auf diesem Gebiet.<\/p>\n\n\n\n<p>Wettgemeinschaften und Foren:<\/p>\n\n\n\n<p>Online-Wettgemeinschaften und -foren k\u00f6nnen eine wertvolle Quelle f\u00fcr Fu\u00dfballvorhersagen sein. Diese Plattformen bringen eine Community von Wettenden zusammen, die ihre Erkenntnisse, Strategien und Vorhersagen teilen. Durch die Teilnahme an Diskussionen und den Wissensaustausch innerhalb dieser Communities k\u00f6nnen Sie neue Perspektiven gewinnen und auf Vorhersagen anderer Enthusiasten zugreifen.<\/p>\n\n\n\n<p>Statistische Analyse-Websites:<\/p>\n\n\n\n<p>F\u00fcr diejenigen, die einen datengesteuerten Ansatz bevorzugen, k\u00f6nnen Websites zur statistischen Analyse eine wertvolle Ressource sein. Plattformen wie bieten umfassende statistische Aufschl\u00fcsselungen, erweiterte Metriken und historische Daten f\u00fcr Teams und Spieler. Durch die Analyse dieser Statistiken k\u00f6nnen Sie fundierte Vorhersagen auf der Grundlage objektiver Daten treffen.<\/p>\n\n\n\n<p>Abschluss:<\/p>\n\n\n\n<p>Verl\u00e4ssliche Fu\u00dfballvorhersagen zu finden ist sowohl f\u00fcr Wettende als auch f\u00fcr begeisterte Fans, die ihr Verst\u00e4ndnis des Sports vertiefen m\u00f6chten, von entscheidender Bedeutung. Durch die Nutzung seri\u00f6ser Fu\u00dfballvorhersage-Websites, Sportnachrichtenplattformen, sozialer Medien, Podcasts, Wett-Communities und statistischer Analyse-Websites k\u00f6nnen Sie auf eine F\u00fclle von Informationen und Erkenntnissen zugreifen, um Ihre Vorhersagen zu verfeinern. Denken Sie daran, die Quellen kritisch zu bewerten, mehrere Perspektiven zu ber\u00fccksichtigen und einen verantwortungsvollen Ansatz beim Wetten beizubehalten. Genie\u00dfen Sie die Spannung von Fu\u00dfballvorhersagen und erweitern Sie gleichzeitig Ihr Wissen und Ihre Besch\u00e4ftigung mit dem sch\u00f6nen Spiel.<\/p>\n","protected":false},"excerpt":{"rendered":"<p>Einf\u00fchrung: Fu\u00dfballvorhersagen sind zu einem integralen Bestandteil des Spiels geworden und bieten Fans und Wettenden wertvolle Einblicke in die Spielergebnisse. Ganz gleich, ob Sie Ihre Gewinnchancen bei einer Wette erh\u00f6hen m\u00f6chten oder einfach nur ein tieferes Verst\u00e4ndnis des Sports anstreben, dieser Artikel soll Sie bei der Suche nach zuverl\u00e4ssigen Quellen f\u00fcr Fu\u00dfballvorhersagen unterst\u00fctzen. Seri\u00f6se Fu\u00dfballvorhersage-Websites:&hellip; <a class=\"more-link\" href=\"https:\/\/fast1domain.com\/\">\u0427\u0438\u0442\u0430\u0442\u044c \u0434\u0430\u043b\u0435\u0435 <span class=\"screen-reader-text\">Home<\/span><\/a><\/p>\n","protected":false},"author":1,"featured_media":0,"parent":0,"menu_order":0,"comment_status":"closed","ping_status":"open","template":"","meta":{"footnotes":""},"_links":{"self":[{"href":"https:\/\/fast1domain.com\/index.php?rest_route=\/wp\/v2\/pages\/2"}],"collection":[{"href":"https:\/\/fast1domain.com\/index.php?rest_route=\/wp\/v2\/pages"}],"about":[{"href":"https:\/\/fast1domain.com\/index.php?rest_route=\/wp\/v2\/types\/page"}],"author":[{"embeddable":true,"href":"https:\/\/fast1domain.com\/index.php?rest_route=\/wp\/v2\/users\/1"}],"replies":[{"embeddable":true,"href":"https:\/\/fast1domain.com\/index.php?rest_route=%2Fwp%2Fv2%2Fcomments&post=2"}],"version-history":[{"count":13,"href":"https:\/\/fast1domain.com\/index.php?rest_route=\/wp\/v2\/pages\/2\/revisions"}],"predecessor-version":[{"id":57,"href":"https:\/\/fast1domain.com\/index.php?rest_route=\/wp\/v2\/pages\/2\/revisions\/57"}],"wp:attachment":[{"href":"https:\/\/fast1domain.com\/index.php?rest_route=%2Fwp%2Fv2%2Fmedia&parent=2"}],"curies":[{"name":"wp","href":"https:\/\/api.w.org\/{rel}","templated":true}]}}